{"id":47,"date":"2013-03-31T01:47:55","date_gmt":"2013-03-31T00:47:55","guid":{"rendered":"http:\/\/dh.mideal.de\/?page_id=47"},"modified":"2014-03-14T12:42:09","modified_gmt":"2014-03-14T11:42:09","slug":"caveat-pactor","status":"publish","type":"page","link":"http:\/\/dh.mideal.de\/?page_id=47","title":{"rendered":"Caveat pactor!"},"content":{"rendered":"<p>Achtung Vermittler!<\/p>\n<p>Ja, ja, so sind sie: Besonders bei gro\u00dfen Endkunden gilt oft, dass die einzige Aufgabe eines Vermittlers darin besteht, die Rechnung zu verarbeiten und das Geld &#8222;einzutreiben&#8220;. Daf\u00fcr kassiert er eine Provision, manche um 10%, manche sogar 40%. \u20ac1000 monatlich sind da eher das Minimum. Wechselt der Auftragnehmer irgendwann w\u00e4hrend der Arbeit f\u00fcr einen Kunden mal von Vermittler A zu Vermittler B, so kassiert dieser die Provision eigentlich schon nicht mehr mit voller Berechtigung, die oft mit &#8222;Akquisekosten&#8220; begr\u00fcndet wird. Hier wird dann meist der Vertrag mit dem Endkunden j\u00e4hrlich en bloc mit anderen Auftragnehmern verl\u00e4ngert &#8211; verhandelt, z.B. wegen Honorarerh\u00f6hungen, die nach 5 oder 8 Jahren gewiss durchsetzbar w\u00e4ren, wird meist nicht wirklich. Einzig verbleibende operative Aufgabe besteht somit darin, den Auftragnehmer auszuzahlen &#8211; vertragsgem\u00e4\u00df p\u00fcnktlich.<\/p>\n<p>Und dann f\u00e4ngt das Gejammer an:<\/p>\n<p>&#8222;Wir gehen ja in Vorleistung, die Firma hat ja noch gar nicht gezahlt!&#8220;<\/p>\n<p>Mir kommen die Tr\u00e4nen!<\/p>\n<ol>\n<li>Wer \u20ac1000 f\u00fcr eine Rechnung (oder &#8211; bei Sammelrechnungen &#8211; eine einfache Addition) und eine \u00dcberweisung einnimmt, der darf ruhig ein paar Euro Zinsen \u00fcbernehmen.<\/li>\n<li>Es ist entweder Teil des Gesch\u00e4ftsmodells, die Rechnung zu zahlen, bevor der Kunde \u00fcberwiesen hat, oder es ist Masche, versp\u00e4tet zu zahlen. Manche zahlen auch versp\u00e4tet, obwohl der Kunde schon gezahlt hat, und arbeiten &#8211; in welcher Weise auch immer &#8211; in der Zwischenzeit mit dem Geld des Auftragnehmers.<\/li>\n<li>Und der Vermittler geht <strong>NIE<\/strong> in Vorleistung. Es ist immer der ausf\u00fchrende Auftragnehmer, der zun\u00e4chst (meist einen ganzen Monat) mit seiner Arbeit und allen Kosten in Vorleistung geht und dann meist noch einen Monat oder l\u00e4nger auf sein Geld wartet.<\/li>\n<\/ol>\n<p>Mehr demn\u00e4chst, wenn endlich gezahlt wurde&#8230;<\/p>\n<p>So weit bis zum 31.3.2013.<\/p>\n<p>&#8222;Anfang April&#8220; sollte bezahlt werden, leider ist der korrekte Umgang mit Kalendern jedermanns Sache nicht! Mittlerweile haben wir den 11.4., und es wurde tats\u00e4chlich der Januar komplett bezahlt! Nun hat der Mathematiker leider vergessen, Zinsen zu berechnen. Das der Februar seit \u00fcber zwei Wochen f\u00e4llig ist, ist wohl auch irgendwo &#8222;untergegangen&#8220;. Und das die Zahlung erst am Montag einging, <strong>nachdem<\/strong> der Antrag auf Mahnbescheid schon unterwegs war, tut mir ja nun nicht im geringsten leid!<\/p>\n<p>H\u00e4mische Bemerkungen dem Gl\u00e4ubiger gegen\u00fcber sollte man nur dann loslassen, wenn man gar nichts mehr zu verlieren hat. Na ja, vielleicht ist <strong>das<\/strong> nur eine Frage der Zeit!<\/p>\n<p>Den ganzen Fall werde ich noch inkl. Vertrag, Rechnungen, Zahlungen, Emails, SMS und Telefonaten irgendwo hier ablegen (anonymisiert nat\u00fcrlich) &#8211; als Warnung und als Beispiel, wie man denn doch an sein Geld kommt.<br \/>\n&#8212;<\/p>\n<p>Meine Rechnungen wurden \u00fcbrigens komplett beglichen.<br \/>\nDas ein Diplompsychologe und Diplommathematiker (kann man bestimmt bei Xing finden) nicht in der Lage ist, Zinsen auszurechnen, mag ich aber nicht glauben:::-)<\/p>\n<p>&nbsp;<\/p>\n","protected":false},"excerpt":{"rendered":"<p>Achtung Vermittler! Ja, ja, so sind sie: Besonders bei gro\u00dfen Endkunden gilt oft, dass die einzige Aufgabe eines Vermittlers darin besteht, die Rechnung zu verarbeiten und das Geld &#8222;einzutreiben&#8220;. Daf\u00fcr kassiert er eine Provision, manche um 10%, manche sogar 40%. \u20ac1000 monatlich sind da eher das Minimum. Wechselt der Auftragnehmer irgendwann w\u00e4hrend der Arbeit f\u00fcr &hellip; <\/p>\n<p class=\"link-more\"><a href=\"http:\/\/dh.mideal.de\/?page_id=47\" class=\"more-link\"><span class=\"screen-reader-text\">&#8222;Caveat pactor!&#8220;<\/span> weiterlesen<\/a><\/p>\n","protected":false},"author":1,"featured_media":0,"parent":0,"menu_order":0,"comment_status":"open","ping_status":"open","template":"","meta":[],"_links":{"self":[{"href":"http:\/\/dh.mideal.de\/index.php?rest_route=\/wp\/v2\/pages\/47"}],"collection":[{"href":"http:\/\/dh.mideal.de\/index.php?rest_route=\/wp\/v2\/pages"}],"about":[{"href":"http:\/\/dh.mideal.de\/index.php?rest_route=\/wp\/v2\/types\/page"}],"author":[{"embeddable":true,"href":"http:\/\/dh.mideal.de\/index.php?rest_route=\/wp\/v2\/users\/1"}],"replies":[{"embeddable":true,"href":"http:\/\/dh.mideal.de\/index.php?rest_route=%2Fwp%2Fv2%2Fcomments&post=47"}],"version-history":[{"count":8,"href":"http:\/\/dh.mideal.de\/index.php?rest_route=\/wp\/v2\/pages\/47\/revisions"}],"predecessor-version":[{"id":49,"href":"http:\/\/dh.mideal.de\/index.php?rest_route=\/wp\/v2\/pages\/47\/revisions\/49"}],"wp:attachment":[{"href":"http:\/\/dh.mideal.de\/index.php?rest_route=%2Fwp%2Fv2%2Fmedia&parent=47"}],"curies":[{"name":"wp","href":"https:\/\/api.w.org\/{rel}","templated":true}]}}